{"id":22422,"date":"2020-01-09T12:57:37","date_gmt":"2020-01-09T11:57:37","guid":{"rendered":"http:\/\/www.ciapirrello.it\/?page_id=22422"},"modified":"2022-10-13T09:09:10","modified_gmt":"2022-10-13T07:09:10","slug":"coibentazione-e-finiture","status":"publish","type":"page","link":"https:\/\/ciapirrello.it\/ciapirrello\/coibentazione-e-finiture\/","title":{"rendered":"Coibentazione e finiture"},"content":{"rendered":"<div class=\"wpb-content-wrapper\"><p>[vc_row row_type=&#8221;row&#8221; use_row_as_full_screen_section=&#8221;no&#8221; type=&#8221;full_width&#8221; text_align=&#8221;left&#8221; background_animation=&#8221;none&#8221; padding_top=&#8221;100&#8243; padding_bottom=&#8221;60&#8243; css_animation=&#8221;&#8221; background_color=&#8221;#ffffff&#8221;][vc_column][vc_row_inner row_type=&#8221;row&#8221; type=&#8221;grid&#8221; use_row_as_full_screen_section_slide=&#8221;no&#8221; text_align=&#8221;left&#8221; css_animation=&#8221;&#8221;][vc_column_inner width=&#8221;1\/2&#8243;][vc_single_image image=&#8221;22426&#8243; img_size=&#8221;full&#8221; qode_css_animation=&#8221;&#8221;][vc_separator type=&#8221;transparent&#8221; border_style=&#8221;&#8221; up=&#8221;40&#8243; down=&#8221;0&#8243;][\/vc_column_inner][vc_column_inner width=&#8221;1\/2&#8243;][vc_column_text]<\/p>\n<h6>Sistema di isolamento termico a cappotto?<\/h6>\n<p>[\/vc_column_text][vc_separator type=&#8221;transparent&#8221; border_style=&#8221;&#8221; up=&#8221;13&#8243; down=&#8221;0&#8243;][vc_column_text]<\/p>\n<h5>Sistema Mapetherm<\/h5>\n<p>[\/vc_column_text][vc_separator type=&#8221;transparent&#8221; border_style=&#8221;&#8221; up=&#8221;20&#8243; down=&#8221;0&#8243;][vc_column_text]Da noi trovi tutti i prodotti Mapei utilizzati in questa soluzione ed eventuali prodotti alternativi.<\/p>\n<p>[\/vc_column_text][vc_separator type=&#8221;transparent&#8221; border_style=&#8221;&#8221; up=&#8221;35&#8243; down=&#8221;0&#8243;]<a href=\"#\" target=\"_self\"  class=\"qbutton  small\" style=\"\">Gallery<\/a>[vc_separator type=&#8221;transparent&#8221; border_style=&#8221;&#8221; up=&#8221;40&#8243; down=&#8221;0&#8243;][\/vc_column_inner][\/vc_row_inner][\/vc_column][\/vc_row][vc_row row_type=&#8221;row&#8221; use_row_as_full_screen_section=&#8221;no&#8221; type=&#8221;full_width&#8221; text_align=&#8221;left&#8221; background_animation=&#8221;none&#8221; padding_top=&#8221;100&#8243; padding_bottom=&#8221;60&#8243; css_animation=&#8221;&#8221; background_color=&#8221;#f5f5f5&#8243;][vc_column][vc_row_inner row_type=&#8221;row&#8221; type=&#8221;grid&#8221; use_row_as_full_screen_section_slide=&#8221;no&#8221; text_align=&#8221;right&#8221; css_animation=&#8221;&#8221;][vc_column_inner width=&#8221;1\/2&#8243;][vc_column_text]<\/p>\n<h6 style=\"text-align: right;\">Prodotti per ceramica e Parquet?<\/h6>\n<p>[\/vc_column_text][vc_separator type=&#8221;transparent&#8221; border_style=&#8221;&#8221; up=&#8221;13&#8243; down=&#8221;0&#8243;][vc_column_text]<\/p>\n<h5 class=\"border-gray-bottom no-margin padding-bottom-md margin-bottom-md\" style=\"text-align: right;\">Sistema per la posa di ceramica su massetto riscaldante<\/h5>\n<p>[\/vc_column_text][vc_separator type=&#8221;transparent&#8221; border_style=&#8221;&#8221; up=&#8221;20&#8243; down=&#8221;0&#8243;][vc_column_text]<\/p>\n<p style=\"text-align: right;\">Da noi trovi tutti i prodotti Mapei utilizzati in questa soluzione ed eventuali prodotti alternativi.<\/p>\n<p>[\/vc_column_text][vc_separator type=&#8221;transparent&#8221; border_style=&#8221;&#8221; up=&#8221;35&#8243; down=&#8221;0&#8243;]<a href=\"#\" target=\"_self\"  class=\"qbutton  small\" style=\"\">GALLERY<\/a>[vc_separator type=&#8221;transparent&#8221; border_style=&#8221;&#8221; up=&#8221;40&#8243; down=&#8221;0&#8243;][\/vc_column_inner][vc_column_inner width=&#8221;1\/2&#8243;][vc_single_image image=&#8221;22430&#8243; img_size=&#8221;full&#8221; alignment=&#8221;right&#8221; qode_css_animation=&#8221;&#8221;][vc_separator type=&#8221;transparent&#8221; border_style=&#8221;&#8221; up=&#8221;40&#8243; down=&#8221;0&#8243;][\/vc_column_inner][\/vc_row_inner][\/vc_column][\/vc_row][vc_row row_type=&#8221;row&#8221; use_row_as_full_screen_section=&#8221;no&#8221; type=&#8221;full_width&#8221; text_align=&#8221;left&#8221; background_animation=&#8221;none&#8221; padding_top=&#8221;100&#8243; padding_bottom=&#8221;60&#8243; css_animation=&#8221;&#8221; background_color=&#8221;#ffffff&#8221;][vc_column][vc_row_inner row_type=&#8221;row&#8221; type=&#8221;grid&#8221; use_row_as_full_screen_section_slide=&#8221;no&#8221; text_align=&#8221;left&#8221; css_animation=&#8221;&#8221;][vc_column_inner width=&#8221;1\/2&#8243;][vc_single_image image=&#8221;22432&#8243; img_size=&#8221;full&#8221; qode_css_animation=&#8221;&#8221;][vc_separator type=&#8221;transparent&#8221; border_style=&#8221;&#8221; up=&#8221;40&#8243; down=&#8221;0&#8243;][\/vc_column_inner][vc_column_inner width=&#8221;1\/2&#8243;][vc_column_text]<\/p>\n<h6>Fughe e sigillanti?<\/h6>\n<p>[\/vc_column_text][vc_separator type=&#8221;transparent&#8221; border_style=&#8221;&#8221; up=&#8221;13&#8243; down=&#8221;0&#8243;][vc_column_text]<\/p>\n<h5>Alte prestazioni<\/h5>\n<p>[\/vc_column_text][vc_separator type=&#8221;transparent&#8221; border_style=&#8221;&#8221; up=&#8221;20&#8243; down=&#8221;0&#8243;][vc_column_text]Ultracolor Plus di Mapei \u00e8 una malta ad alte prestazioni, modificata con polimero, antiefflorescenze, per la stuccatura di fughe da 2 a 20 mm, a presa ed asciugamento rapido, idrorepellente con DropEffect\u00ae e resistente alla muffa con tecnologia BioBlock\u00ae.<\/p>\n<p>.[\/vc_column_text][vc_separator type=&#8221;transparent&#8221; border_style=&#8221;&#8221; up=&#8221;35&#8243; down=&#8221;0&#8243;]<a href=\"#\" target=\"_self\"  class=\"qbutton  small\" style=\"\">GALLERY<\/a>[vc_separator type=&#8221;transparent&#8221; border_style=&#8221;&#8221; up=&#8221;40&#8243; down=&#8221;0&#8243;][\/vc_column_inner][\/vc_row_inner][\/vc_column][\/vc_row][vc_row row_type=&#8221;row&#8221; use_row_as_full_screen_section=&#8221;no&#8221; type=&#8221;full_width&#8221; text_align=&#8221;left&#8221; background_animation=&#8221;none&#8221; padding_top=&#8221;100&#8243; padding_bottom=&#8221;60&#8243; css_animation=&#8221;&#8221;][vc_column][vc_row_inner row_type=&#8221;row&#8221; type=&#8221;grid&#8221; use_row_as_full_screen_section_slide=&#8221;no&#8221; text_align=&#8221;right&#8221; css_animation=&#8221;&#8221;][vc_column_inner width=&#8221;1\/2&#8243;][vc_column_text]<\/p>\n<h6 style=\"text-align: right;\">Finiture murali?<\/h6>\n<p>[\/vc_column_text][vc_separator type=&#8221;transparent&#8221; border_style=&#8221;&#8221; up=&#8221;13&#8243; down=&#8221;0&#8243;][vc_column_text]<\/p>\n<h5 class=\"center-block limit-width text-center no-margin-top border-gray-bottom padding-bottom-md\" style=\"text-align: right;\"><strong>Finiture murali colorate e protettive<\/strong><\/h5>\n<p>[\/vc_column_text][vc_separator type=&#8221;transparent&#8221; border_style=&#8221;&#8221; up=&#8221;20&#8243; down=&#8221;0&#8243;][vc_column_text]<\/p>\n<p style=\"text-align: right;\">Le linee delle finiture Mapei per esterno, a seconda delle esigenze, garantiscono un mix tra un\u2019ottima copertura, facilit\u00e0 d\u2019uso, riempimento, idrorepellenza, elasticit\u00e0, resistenza ai raggi UV, traspirabilit\u00e0 e pulibilit\u00e0. E dall\u2019esperienza maturata con le finiture per esterni, Mapei ha sviluppato anche prodotti per la protezione e la decorazioni di interni di altissima qualit\u00e0. I nostri prodotti, realizzabili in pi\u00f9 di 1.000 colori diversi, hanno una perfetta aderenza su tutti i tipi di murature, intonaci, rasature e su vecchie pitture; rappresentano la finitura ideale per ottenere un\u2019ottima resistenza allo sporco e alle aggressioni biologiche, unita a un elevata durabilit\u00e0.<\/p>\n<p>.[\/vc_column_text][vc_separator type=&#8221;transparent&#8221; border_style=&#8221;&#8221; up=&#8221;35&#8243; down=&#8221;0&#8243;]<a href=\"#\" target=\"_self\"  class=\"qbutton  small\" style=\"\">GALLERY<\/a>[vc_separator type=&#8221;transparent&#8221; border_style=&#8221;&#8221; up=&#8221;40&#8243; down=&#8221;0&#8243;][\/vc_column_inner][vc_column_inner width=&#8221;1\/2&#8243;][vc_single_image image=&#8221;22435&#8243; img_size=&#8221;full&#8221; qode_css_animation=&#8221;&#8221;][vc_separator type=&#8221;transparent&#8221; border_style=&#8221;&#8221; up=&#8221;40&#8243; down=&#8221;0&#8243;][\/vc_column_inner][\/vc_row_inner][\/vc_column][\/vc_row][vc_row row_type=&#8221;row&#8221; use_row_as_full_screen_section=&#8221;no&#8221; type=&#8221;full_width&#8221; text_align=&#8221;left&#8221; background_animation=&#8221;none&#8221; padding_top=&#8221;100&#8243; padding_bottom=&#8221;60&#8243; css_animation=&#8221;&#8221; background_color=&#8221;#ffffff&#8221;][vc_column][vc_row_inner row_type=&#8221;row&#8221; type=&#8221;grid&#8221; use_row_as_full_screen_section_slide=&#8221;no&#8221; text_align=&#8221;left&#8221; css_animation=&#8221;&#8221;][vc_column_inner width=&#8221;1\/2&#8243;][vc_single_image image=&#8221;22437&#8243; img_size=&#8221;full&#8221; qode_css_animation=&#8221;&#8221;][vc_separator type=&#8221;transparent&#8221; border_style=&#8221;&#8221; up=&#8221;40&#8243; down=&#8221;0&#8243;][\/vc_column_inner][vc_column_inner width=&#8221;1\/2&#8243;][vc_column_text]<\/p>\n<h6>Ripristino facciate?<\/h6>\n<p>[\/vc_column_text][vc_separator type=&#8221;transparent&#8221; border_style=&#8221;&#8221; up=&#8221;13&#8243; down=&#8221;0&#8243;][vc_column_text]<\/p>\n<h5 class=\"border-gray-bottom no-margin padding-bottom-md margin-bottom-md\">Ripristino di facciata microfessurata con finitura<\/h5>\n<p>[\/vc_column_text][vc_separator type=&#8221;transparent&#8221; border_style=&#8221;&#8221; up=&#8221;20&#8243; down=&#8221;0&#8243;][vc_column_text]Da noi trovi tutti i prodotti Mapei utilizzati in questa soluzione ed eventuali prodotti alternativi.[\/vc_column_text][vc_separator type=&#8221;transparent&#8221; border_style=&#8221;&#8221; up=&#8221;35&#8243; down=&#8221;0&#8243;]<a href=\"#\" target=\"_self\"  class=\"qbutton  small\" style=\"\">GALLERY<\/a>[vc_separator type=&#8221;transparent&#8221; border_style=&#8221;&#8221; up=&#8221;40&#8243; down=&#8221;0&#8243;][\/vc_column_inner][\/vc_row_inner][\/vc_column][\/vc_row][vc_row row_type=&#8221;row&#8221; use_row_as_full_screen_section=&#8221;no&#8221; type=&#8221;grid&#8221; text_align=&#8221;left&#8221; background_animation=&#8221;none&#8221; css_animation=&#8221;&#8221; background_color=&#8221;#ffffff&#8221;][vc_column]<div class='qode_carousels_holder clearfix hover_second_image'><div class='qode_carousels '  data-number_of_items = 5><ul class='slides'><li class='item'><div class=\"carousel_item_holder\"><a href='#' target='_self'><span class='first_image_holder has_hover_image'><img data-recalc-dims=\"1\" src=\"https:\/\/i0.wp.com\/ciapirrello.it\/ciapirrello\/wp-content\/uploads\/2019\/12\/mapei.png?w=1060&#038;ssl=1\" alt='Mapei'><\/span><span class='second_image_holder has_hover_image'><img data-recalc-dims=\"1\" src=\"https:\/\/i0.wp.com\/ciapirrello.it\/ciapirrello\/wp-content\/uploads\/2019\/12\/mapei.png?w=1060&#038;ssl=1\" alt='Mapei'><\/span><\/a><\/div><\/li><li class='item'><div class=\"carousel_item_holder\"><a href='#' target='_self'><span class='first_image_holder has_hover_image'><img data-recalc-dims=\"1\" src=\"https:\/\/i0.wp.com\/ciapirrello.it\/ciapirrello\/wp-content\/uploads\/2020\/01\/polyglass.png?w=1060&#038;ssl=1\" alt='Polyglass'><\/span><span class='second_image_holder has_hover_image'><img data-recalc-dims=\"1\" src=\"https:\/\/i0.wp.com\/ciapirrello.it\/ciapirrello\/wp-content\/uploads\/2020\/01\/polyglass.png?w=1060&#038;ssl=1\" alt='Polyglass'><\/span><\/a><\/div><\/li><li class='item'><div class=\"carousel_item_holder\"><a href='#' target='_self'><span class='first_image_holder has_hover_image'><img data-recalc-dims=\"1\" src=\"https:\/\/i0.wp.com\/ciapirrello.it\/ciapirrello\/wp-content\/uploads\/2020\/01\/poron.png?w=1060&#038;ssl=1\" alt='Poron'><\/span><span class='second_image_holder has_hover_image'><img data-recalc-dims=\"1\" src=\"https:\/\/i0.wp.com\/ciapirrello.it\/ciapirrello\/wp-content\/uploads\/2020\/01\/poron.png?w=1060&#038;ssl=1\" alt='Poron'><\/span><\/a><\/div><\/li><li class='item'><div class=\"carousel_item_holder\"><a href='#' target='_self'><span class='first_image_holder has_hover_image'><img data-recalc-dims=\"1\" src=\"https:\/\/i0.wp.com\/ciapirrello.it\/ciapirrello\/wp-content\/uploads\/2020\/01\/ursa.png?w=1060&#038;ssl=1\" alt='Ursa'><\/span><span class='second_image_holder has_hover_image'><img data-recalc-dims=\"1\" src=\"https:\/\/i0.wp.com\/ciapirrello.it\/ciapirrello\/wp-content\/uploads\/2020\/01\/ursa.png?w=1060&#038;ssl=1\" alt='Ursa'><\/span><\/a><\/div><\/li><li class='item'><div class=\"carousel_item_holder\"><a href='#' target='_self'><span class='first_image_holder has_hover_image'><img data-recalc-dims=\"1\" src=\"https:\/\/i0.wp.com\/ciapirrello.it\/ciapirrello\/wp-content\/uploads\/2020\/01\/rivega.png?w=1060&#038;ssl=1\" alt='Riwega'><\/span><span class='second_image_holder has_hover_image'><img data-recalc-dims=\"1\" src=\"https:\/\/i0.wp.com\/ciapirrello.it\/ciapirrello\/wp-content\/uploads\/2020\/01\/rivega.png?w=1060&#038;ssl=1\" alt='Riwega'><\/span><\/a><\/div><\/li><\/ul><\/div><\/div>[\/vc_column][\/vc_row]<\/p>\n<\/div>","protected":false},"excerpt":{"rendered":"<p>[vc_row row_type=&#8221;row&#8221; use_row_as_full_screen_section=&#8221;no&#8221; type=&#8221;full_width&#8221; text_align=&#8221;left&#8221; background_animation=&#8221;none&#8221; padding_top=&#8221;100&#8243; padding_bottom=&#8221;60&#8243; css_animation=&#8221;&#8221; background_color=&#8221;#ffffff&#8221;][vc_column][vc_row_inner row_type=&#8221;row&#8221; type=&#8221;grid&#8221; use_row_as_full_screen_section_slide=&#8221;no&#8221; text_align=&#8221;left&#8221; css_animation=&#8221;&#8221;][vc_column_inner width=&#8221;1\/2&#8243;][vc_single_image image=&#8221;22426&#8243; img_size=&#8221;full&#8221; qode_css_animation=&#8221;&#8221;][vc_separator type=&#8221;transparent&#8221; border_style=&#8221;&#8221; up=&#8221;40&#8243; down=&#8221;0&#8243;][\/vc_column_inner][vc_column_inner width=&#8221;1\/2&#8243;][vc_column_text] Sistema di isolamento termico a cappotto? [\/vc_column_text][vc_separator type=&#8221;transparent&#8221; border_style=&#8221;&#8221; up=&#8221;13&#8243; down=&#8221;0&#8243;][vc_column_text] Sistema Mapetherm [\/vc_column_text][vc_separator type=&#8221;transparent&#8221; border_style=&#8221;&#8221; up=&#8221;20&#8243; down=&#8221;0&#8243;][vc_column_text]Da noi trovi tutti&#8230;<\/p>\n","protected":false},"author":1,"featured_media":0,"parent":0,"menu_order":0,"comment_status":"open","ping_status":"open","template":"full_width.php","meta":{"footnotes":""},"class_list":["post-22422","page","type-page","status-publish","hentry"],"yoast_head":"<!-- This site is optimized with the Yoast SEO plugin v27.4 - https:\/\/yoast.com\/product\/yoast-seo-wordpress\/ -->\n<title>Coibentazione e finiture - Cia Pirrello<\/title>\n<meta name=\"robots\" content=\"index, follow, max-snippet:-1, max-image-preview:large, max-video-preview:-1\" \/>\n<link rel=\"canonical\" href=\"https:\/\/ciapirrello.it\/ciapirrello\/coibentazione-e-finiture\/\" \/>\n<meta property=\"og:locale\" content=\"it_IT\" \/>\n<meta property=\"og:type\" content=\"article\" \/>\n<meta property=\"og:title\" content=\"Coibentazione e finiture - Cia Pirrello\" \/>\n<meta property=\"og:description\" content=\"[vc_row row_type=&#8221;row&#8221; use_row_as_full_screen_section=&#8221;no&#8221; type=&#8221;full_width&#8221; text_align=&#8221;left&#8221; background_animation=&#8221;none&#8221; padding_top=&#8221;100&#8243; padding_bottom=&#8221;60&#8243; css_animation=&#8221;&#8221; background_color=&#8221;#ffffff&#8221;][vc_column][vc_row_inner row_type=&#8221;row&#8221; type=&#8221;grid&#8221; use_row_as_full_screen_section_slide=&#8221;no&#8221; text_align=&#8221;left&#8221; css_animation=&#8221;&#8221;][vc_column_inner width=&#8221;1\/2&#8243;][vc_single_image image=&#8221;22426&#8243; img_size=&#8221;full&#8221; qode_css_animation=&#8221;&#8221;][vc_separator type=&#8221;transparent&#8221; border_style=&#8221;&#8221; up=&#8221;40&#8243; down=&#8221;0&#8243;][\/vc_column_inner][vc_column_inner width=&#8221;1\/2&#8243;][vc_column_text] Sistema di isolamento termico a cappotto? [\/vc_column_text][vc_separator type=&#8221;transparent&#8221; border_style=&#8221;&#8221; up=&#8221;13&#8243; down=&#8221;0&#8243;][vc_column_text] Sistema Mapetherm [\/vc_column_text][vc_separator type=&#8221;transparent&#8221; border_style=&#8221;&#8221; up=&#8221;20&#8243; down=&#8221;0&#8243;][vc_column_text]Da noi trovi tutti...\" \/>\n<meta property=\"og:url\" content=\"https:\/\/ciapirrello.it\/ciapirrello\/coibentazione-e-finiture\/\" \/>\n<meta property=\"og:site_name\" content=\"Cia Pirrello\" \/>\n<meta property=\"article:publisher\" content=\"https:\/\/www.facebook.com\/ciapirrello\" \/>\n<meta property=\"article:modified_time\" content=\"2022-10-13T07:09:10+00:00\" \/>\n<meta name=\"twitter:card\" content=\"summary_large_image\" \/>\n<meta name=\"twitter:label1\" content=\"Tempo di lettura stimato\" \/>\n\t<meta name=\"twitter:data1\" content=\"3 minuti\" \/>\n<!-- \/ Yoast SEO plugin. -->","yoast_head_json":{"title":"Coibentazione e finiture - Cia Pirrello","robots":{"index":"index","follow":"follow","max-snippet":"max-snippet:-1","max-image-preview":"max-image-preview:large","max-video-preview":"max-video-preview:-1"},"canonical":"https:\/\/ciapirrello.it\/ciapirrello\/coibentazione-e-finiture\/","og_locale":"it_IT","og_type":"article","og_title":"Coibentazione e finiture - Cia Pirrello","og_description":"[vc_row row_type=&#8221;row&#8221; use_row_as_full_screen_section=&#8221;no&#8221; type=&#8221;full_width&#8221; text_align=&#8221;left&#8221; background_animation=&#8221;none&#8221; padding_top=&#8221;100&#8243; padding_bottom=&#8221;60&#8243; css_animation=&#8221;&#8221; background_color=&#8221;#ffffff&#8221;][vc_column][vc_row_inner row_type=&#8221;row&#8221; type=&#8221;grid&#8221; use_row_as_full_screen_section_slide=&#8221;no&#8221; text_align=&#8221;left&#8221; css_animation=&#8221;&#8221;][vc_column_inner width=&#8221;1\/2&#8243;][vc_single_image image=&#8221;22426&#8243; img_size=&#8221;full&#8221; qode_css_animation=&#8221;&#8221;][vc_separator type=&#8221;transparent&#8221; border_style=&#8221;&#8221; up=&#8221;40&#8243; down=&#8221;0&#8243;][\/vc_column_inner][vc_column_inner width=&#8221;1\/2&#8243;][vc_column_text] Sistema di isolamento termico a cappotto? [\/vc_column_text][vc_separator type=&#8221;transparent&#8221; border_style=&#8221;&#8221; up=&#8221;13&#8243; down=&#8221;0&#8243;][vc_column_text] Sistema Mapetherm [\/vc_column_text][vc_separator type=&#8221;transparent&#8221; border_style=&#8221;&#8221; up=&#8221;20&#8243; down=&#8221;0&#8243;][vc_column_text]Da noi trovi tutti...","og_url":"https:\/\/ciapirrello.it\/ciapirrello\/coibentazione-e-finiture\/","og_site_name":"Cia Pirrello","article_publisher":"https:\/\/www.facebook.com\/ciapirrello","article_modified_time":"2022-10-13T07:09:10+00:00","twitter_card":"summary_large_image","twitter_misc":{"Tempo di lettura stimato":"3 minuti"},"schema":{"@context":"https:\/\/schema.org","@graph":[{"@type":"WebPage","@id":"https:\/\/ciapirrello.it\/ciapirrello\/coibentazione-e-finiture\/","url":"https:\/\/ciapirrello.it\/ciapirrello\/coibentazione-e-finiture\/","name":"Coibentazione e finiture - Cia Pirrello","isPartOf":{"@id":"https:\/\/ciapirrello.it\/ciapirrello\/#website"},"datePublished":"2020-01-09T11:57:37+00:00","dateModified":"2022-10-13T07:09:10+00:00","breadcrumb":{"@id":"https:\/\/ciapirrello.it\/ciapirrello\/coibentazione-e-finiture\/#breadcrumb"},"inLanguage":"it-IT","potentialAction":[{"@type":"ReadAction","target":["https:\/\/ciapirrello.it\/ciapirrello\/coibentazione-e-finiture\/"]}]},{"@type":"BreadcrumbList","@id":"https:\/\/ciapirrello.it\/ciapirrello\/coibentazione-e-finiture\/#breadcrumb","itemListElement":[{"@type":"ListItem","position":1,"name":"Home","item":"https:\/\/ciapirrello.it\/ciapirrello\/"},{"@type":"ListItem","position":2,"name":"Coibentazione e finiture"}]},{"@type":"WebSite","@id":"https:\/\/ciapirrello.it\/ciapirrello\/#website","url":"https:\/\/ciapirrello.it\/ciapirrello\/","name":"Cia Pirrello","description":"L&#039;evolzione dell&#039;ambiente","potentialAction":[{"@type":"SearchAction","target":{"@type":"EntryPoint","urlTemplate":"https:\/\/ciapirrello.it\/ciapirrello\/?s={search_term_string}"},"query-input":{"@type":"PropertyValueSpecification","valueRequired":true,"valueName":"search_term_string"}}],"inLanguage":"it-IT"}]}},"jetpack-related-posts":[],"jetpack_sharing_enabled":true,"_links":{"self":[{"href":"https:\/\/ciapirrello.it\/ciapirrello\/wp-json\/wp\/v2\/pages\/22422","targetHints":{"allow":["GET"]}}],"collection":[{"href":"https:\/\/ciapirrello.it\/ciapirrello\/wp-json\/wp\/v2\/pages"}],"about":[{"href":"https:\/\/ciapirrello.it\/ciapirrello\/wp-json\/wp\/v2\/types\/page"}],"author":[{"embeddable":true,"href":"https:\/\/ciapirrello.it\/ciapirrello\/wp-json\/wp\/v2\/users\/1"}],"replies":[{"embeddable":true,"href":"https:\/\/ciapirrello.it\/ciapirrello\/wp-json\/wp\/v2\/comments?post=22422"}],"version-history":[{"count":11,"href":"https:\/\/ciapirrello.it\/ciapirrello\/wp-json\/wp\/v2\/pages\/22422\/revisions"}],"predecessor-version":[{"id":22448,"href":"https:\/\/ciapirrello.it\/ciapirrello\/wp-json\/wp\/v2\/pages\/22422\/revisions\/22448"}],"wp:attachment":[{"href":"https:\/\/ciapirrello.it\/ciapirrello\/wp-json\/wp\/v2\/media?parent=22422"}],"curies":[{"name":"wp","href":"https:\/\/api.w.org\/{rel}","templated":true}]}}