{"id":3,"date":"2019-12-03T13:10:06","date_gmt":"2019-12-03T12:10:06","guid":{"rendered":"http:\/\/www.ciapirrello.it\/ciapirrello\/?page_id=3"},"modified":"2020-04-05T20:06:48","modified_gmt":"2020-04-05T18:06:48","slug":"privacy-policy-cookie","status":"publish","type":"page","link":"https:\/\/ciapirrello.it\/ciapirrello\/privacy-policy-cookie\/","title":{"rendered":"Privacy Policy e Cookie"},"content":{"rendered":"\r\n<h4 class=\"wp-block-heading\">INFORMATIVA AGLI UTENTI DEL SITO <br \/>ai sensi dell\u2019articolo 13 del Reg. UE 2016\/679 GDPR <br \/>Dati raccolti presso l\u2019interessato<\/h4>\r\n\r\n\r\n\r\n<p>Gentile interessato, <br \/>con la presente desideriamo informarLa sui trattamenti che andremo ad eseguire sui Suoi dati personali, nonch\u00e9 fornirLe ogni informazione utile a facilitare il contatto e l\u2019interazione con i nostri uffici.<\/p>\r\n\r\n\r\n\r\n<h4 class=\"wp-block-heading\">Titolare del trattamento<\/h4>\r\n\r\n\r\n\r\n<p>l titolare del trattamento \u00e8 Cia Pirrello S.R.L. <br \/>I dati di contatto sono i seguenti: <br \/>Telefono: +39 0924 67577 <br \/>Mail: info@ciapirrello.it <br \/>Sito Web: https:\/\/www.ciapirrello.it<\/p>\r\n\r\n\r\n\r\n<h4 class=\"wp-block-heading\">Trattamento dei dati personali<\/h4>\r\n\r\n\r\n\r\n<p>In questa pagina si descrivono le modalit\u00e0 di gestione del sito in riferimento al trattamento dei dati personali degli utenti che interagiscono con i servizi web sul presente sito di Cia Pirrello S.R.L.<\/p>\r\n\r\n\r\n\r\n<p>L&#8217;informativa \u00e8 resa solo per il presente sito e non anche per altri siti web eventualmente consultati dall&#8217;utente tramite link.<\/p>\r\n\r\n\r\n\r\n<p>Ai sensi dell\u2019art. 13 del Reg. UE 2016\/679 (GDPR), la scrivente, in qualit\u00e0 di Titolare del trattamento, La informa che i dati personali acquisiti saranno oggetto di trattamento nel rispetto dei diritti delle libert\u00e0 fondamentali, nonch\u00e9 della dignit\u00e0 dell\u2019interessato, con particolare riferimento alla riservatezza ed all\u2019identit\u00e0 personale ed al diritto alla protezione dei dati personali.<\/p>\r\n\r\n\r\n\r\n<p>Ai sensi dell\u2019art. 13 del citato Regolamento, pertanto, Le forniamo le seguenti informazioni:<\/p>\r\n\r\n\r\n\r\n\r\n\r\n<h4 class=\"wp-block-heading\">Dati di navigazione<\/h4>\r\n\r\n\r\n\r\n<p>I sistemi informatici e le procedure software preposte al funzionamento di questo sito web acquisiscono, nel corso del loro normale esercizio, alcuni dati personali la cui trasmissione \u00e8 implicita nell&#8217;uso dei protocolli di comunicazione di Internet.<\/p>\r\n\r\n\r\n\r\n<p>Si tratta di informazioni che non sono raccolte per essere associate a interessati identificati, ma che per loro stessa natura potrebbero, attraverso elaborazioni ed associazioni con dati detenuti da terzi, permettere di identificare gli utenti.<\/p>\r\n\r\n\r\n\r\n<p>In questa categoria di dati rientrano gli indirizzi IP o i nomi a dominio dei computer utilizzati dagli utenti che si connettono al sito, gli indirizzi in notazione URI (Uniform Resource Identifier) delle risorse richieste, l&#8217;orario della richiesta, il metodo utilizzato nel sottoporre la richiesta al server, la dimensione del file ottenuto in risposta, il codice numerico indicante lo stato della risposta data dal server (buon fine, errore, ecc.) ed altri parametri relativi al sistema operativo e all&#8217;ambiente informatico dell&#8217;utente.<\/p>\r\n\r\n\r\n\r\n<p>Questi dati vengono utilizzati al solo fine di ricavare informazioni statistiche anonime sull&#8217;uso del sito e per controllarne il corretto funzionamento e vengono cancellati immediatamente dopo l&#8217;elaborazione. I dati potrebbero essere utilizzati per l&#8217;accertamento di responsabilit\u00e0 in caso di ipotetici reati informatici ai danni del sito.<\/p>\r\n\r\n\r\n\r\n\r\n\r\n<h4 class=\"wp-block-heading\">Dati forniti volontariamente dall&#8217;utente<\/h4>\r\n\r\n\r\n\r\n<p>L&#8217;invio facoltativo, esplicito e volontario di posta elettronica agli indirizzi indicati su questo sito comporta la successiva acquisizione dell&#8217;indirizzo del mittente, necessario per rispondere alle richieste, nonch\u00e9 degli eventuali altri dati personali inseriti nella missiva.<\/p>\r\n\r\n\r\n\r\n<p>Specifiche informative di sintesi verranno progressivamente riportate o visualizzate nelle pagine del sito predisposte per particolari servizi a richiesta.<\/p>\r\n\r\n\r\n\r\n<p>I dati personali saranno trattati esclusivamente per finalit\u00e0 connesse e\/o strumentali alla consultazione del sito, escluso, pertanto, ogni utilizzo diverso e\/o confliggente con quelli dell\u2019\u201dInteressato\u201d.<\/p>\r\n\r\n\r\n\r\n<p>Il trattamento delle informazioni che La riguardano sar\u00e0 improntato ai principi di correttezza, liceit\u00e0, trasparenza e di tutela della riservatezza e saranno trattati e conservati con strumenti informatici e con modalit\u00e0 cartacee per il tempo strettamente necessario a conseguire gli scopi per cui sono stati raccolti.<\/p>\r\n\r\n\r\n\r\n<p>Specifiche misure di sicurezza sono osservate per prevenire la perdita dei dati, usi illeciti o non corretti ed accessi non autorizzati.<\/p>\r\n\r\n\r\n\r\n<p>L\u2019eventuale conferimento dei dati \u00e8 facoltativo, tuttavia, il rifiuto a fornire i dati personali pertinenti allo scopo della raccolta non render\u00e0 possibile l\u2019ottenimento di quanto richiesto.<\/p>\r\n\r\n\r\n\r\n<p>I trattamenti connessi ai servizi web di questo sito hanno luogo presso la sede di Cia Pirrello S.R.L. e sono curati dai nostri incaricati del trattamento e dagli hosting provider.<\/p>\r\n\r\n\r\n\r\n<p>I Suoi dati personali non saranno in ogni caso soggetti a diffusione se non dietro specifico consenso.<\/p>\r\n<h4>Utilizzo dei cookies<\/h4>\r\n<p>Un ulteriore aiuto nella gestione dei cookies pu\u00f2 derivare dall\u2019utilizzo di servizi automatizzati tipo quelli offerti dal sito <a href=\"https:\/\/www.youronlinechoices.com\/it\/\" target=\"_blank\" rel=\"noreferrer noopener\">https:\/\/www.youronlinechoices.com\/it\/<\/a>.<\/p>\r\n<p>La informiamo inoltre, sinteticamente, che Lei ha diritto di chiedere informazioni sui Suoi dati personali che stiamo trattando, chiederne la rettifica, la cancellazione, opporsi al trattamento, chiedere la limitazione del trattamento e la portabilit\u00e0 dei dati secondo quanto previsto dagli artt. da 15 a 22 del Reg. UE 2016\/679 GDPR (copia del testo degli articoli citati pu\u00f2 essere richiesto ai recapiti sopra evidenziati).<\/p>\r\n<p>In qualsiasi momento Le \u00e8 riconosciuto il diritto di proporre reclamo ad una autorit\u00e0 di controllo territorialmente competente.<\/p>\r\n<p>Qualora il trattamento sia basato in tutto o in parte sul Suo consenso, ha diritto a revocarlo liberamente ed in qualsiasi momento attraverso i contatti ai recapiti sopra evidenziati. I trattamenti effettuati in pendenza del consenso prestato ed i relativi effetti giuridici rimarranno comunque validi anche dopo l\u2019eventuale revoca del consenso.<\/p>\r\n<p>Per ogni eventuale chiarimento o comunicazione in merito al trattamento dei Suoi dati, non esiti a contattarci.<\/p>\r\n<h4>Il Titolare del trattamento<\/h4>\r\n<p><strong>Cia Pirrello S.R.L.<\/strong><\/p>\r\n<div class=\"page-content-bottom pt-5\">\r\n<div class=\"mt-2 mr-1\">\u00a0<\/div>\r\n<\/div>\r\n","protected":false},"excerpt":{"rendered":"<p>INFORMATIVA AGLI UTENTI DEL SITO ai sensi dell\u2019articolo 13 del Reg. UE 2016\/679 GDPR Dati raccolti presso l\u2019interessato Gentile interessato, con la presente desideriamo informarLa sui trattamenti che andremo ad eseguire sui Suoi dati personali, nonch\u00e9 fornirLe ogni informazione utile a facilitare il contatto e&#8230;<\/p>\n","protected":false},"author":1,"featured_media":0,"parent":0,"menu_order":0,"comment_status":"closed","ping_status":"open","template":"","meta":{"footnotes":""},"class_list":["post-3","page","type-page","status-publish","hentry"],"yoast_head":"<!-- This site is optimized with the Yoast SEO plugin v27.5 - https:\/\/yoast.com\/product\/yoast-seo-wordpress\/ -->\n<title>Privacy Policy e Cookie - Cia Pirrello<\/title>\n<meta name=\"robots\" content=\"index, follow, max-snippet:-1, max-image-preview:large, max-video-preview:-1\" \/>\n<link rel=\"canonical\" href=\"https:\/\/ciapirrello.it\/ciapirrello\/privacy-policy-cookie\/\" \/>\n<meta property=\"og:locale\" content=\"it_IT\" \/>\n<meta property=\"og:type\" content=\"article\" \/>\n<meta property=\"og:title\" content=\"Privacy Policy e Cookie - Cia Pirrello\" \/>\n<meta property=\"og:description\" content=\"INFORMATIVA AGLI UTENTI DEL SITO ai sensi dell\u2019articolo 13 del Reg. UE 2016\/679 GDPR Dati raccolti presso l\u2019interessato Gentile interessato, con la presente desideriamo informarLa sui trattamenti che andremo ad eseguire sui Suoi dati personali, nonch\u00e9 fornirLe ogni informazione utile a facilitare il contatto e...\" \/>\n<meta property=\"og:url\" content=\"https:\/\/ciapirrello.it\/ciapirrello\/privacy-policy-cookie\/\" \/>\n<meta property=\"og:site_name\" content=\"Cia Pirrello\" \/>\n<meta property=\"article:publisher\" content=\"https:\/\/www.facebook.com\/ciapirrello\" \/>\n<meta property=\"article:modified_time\" content=\"2020-04-05T18:06:48+00:00\" \/>\n<meta name=\"twitter:card\" content=\"summary_large_image\" \/>\n<meta name=\"twitter:label1\" content=\"Tempo di lettura stimato\" \/>\n\t<meta name=\"twitter:data1\" content=\"4 minuti\" \/>\n<!-- \/ Yoast SEO plugin. -->","yoast_head_json":{"title":"Privacy Policy e Cookie - Cia Pirrello","robots":{"index":"index","follow":"follow","max-snippet":"max-snippet:-1","max-image-preview":"max-image-preview:large","max-video-preview":"max-video-preview:-1"},"canonical":"https:\/\/ciapirrello.it\/ciapirrello\/privacy-policy-cookie\/","og_locale":"it_IT","og_type":"article","og_title":"Privacy Policy e Cookie - Cia Pirrello","og_description":"INFORMATIVA AGLI UTENTI DEL SITO ai sensi dell\u2019articolo 13 del Reg. UE 2016\/679 GDPR Dati raccolti presso l\u2019interessato Gentile interessato, con la presente desideriamo informarLa sui trattamenti che andremo ad eseguire sui Suoi dati personali, nonch\u00e9 fornirLe ogni informazione utile a facilitare il contatto e...","og_url":"https:\/\/ciapirrello.it\/ciapirrello\/privacy-policy-cookie\/","og_site_name":"Cia Pirrello","article_publisher":"https:\/\/www.facebook.com\/ciapirrello","article_modified_time":"2020-04-05T18:06:48+00:00","twitter_card":"summary_large_image","twitter_misc":{"Tempo di lettura stimato":"4 minuti"},"schema":{"@context":"https:\/\/schema.org","@graph":[{"@type":"WebPage","@id":"https:\/\/ciapirrello.it\/ciapirrello\/privacy-policy-cookie\/","url":"https:\/\/ciapirrello.it\/ciapirrello\/privacy-policy-cookie\/","name":"Privacy Policy e Cookie - Cia Pirrello","isPartOf":{"@id":"https:\/\/ciapirrello.it\/ciapirrello\/#website"},"datePublished":"2019-12-03T12:10:06+00:00","dateModified":"2020-04-05T18:06:48+00:00","breadcrumb":{"@id":"https:\/\/ciapirrello.it\/ciapirrello\/privacy-policy-cookie\/#breadcrumb"},"inLanguage":"it-IT","potentialAction":[{"@type":"ReadAction","target":["https:\/\/ciapirrello.it\/ciapirrello\/privacy-policy-cookie\/"]}]},{"@type":"BreadcrumbList","@id":"https:\/\/ciapirrello.it\/ciapirrello\/privacy-policy-cookie\/#breadcrumb","itemListElement":[{"@type":"ListItem","position":1,"name":"Home","item":"https:\/\/ciapirrello.it\/ciapirrello\/"},{"@type":"ListItem","position":2,"name":"Privacy Policy e Cookie"}]},{"@type":"WebSite","@id":"https:\/\/ciapirrello.it\/ciapirrello\/#website","url":"https:\/\/ciapirrello.it\/ciapirrello\/","name":"Cia Pirrello","description":"L&#039;evolzione dell&#039;ambiente","potentialAction":[{"@type":"SearchAction","target":{"@type":"EntryPoint","urlTemplate":"https:\/\/ciapirrello.it\/ciapirrello\/?s={search_term_string}"},"query-input":{"@type":"PropertyValueSpecification","valueRequired":true,"valueName":"search_term_string"}}],"inLanguage":"it-IT"}]}},"jetpack-related-posts":[],"jetpack_sharing_enabled":true,"_links":{"self":[{"href":"https:\/\/ciapirrello.it\/ciapirrello\/wp-json\/wp\/v2\/pages\/3","targetHints":{"allow":["GET"]}}],"collection":[{"href":"https:\/\/ciapirrello.it\/ciapirrello\/wp-json\/wp\/v2\/pages"}],"about":[{"href":"https:\/\/ciapirrello.it\/ciapirrello\/wp-json\/wp\/v2\/types\/page"}],"author":[{"embeddable":true,"href":"https:\/\/ciapirrello.it\/ciapirrello\/wp-json\/wp\/v2\/users\/1"}],"replies":[{"embeddable":true,"href":"https:\/\/ciapirrello.it\/ciapirrello\/wp-json\/wp\/v2\/comments?post=3"}],"version-history":[{"count":8,"href":"https:\/\/ciapirrello.it\/ciapirrello\/wp-json\/wp\/v2\/pages\/3\/revisions"}],"predecessor-version":[{"id":22651,"href":"https:\/\/ciapirrello.it\/ciapirrello\/wp-json\/wp\/v2\/pages\/3\/revisions\/22651"}],"wp:attachment":[{"href":"https:\/\/ciapirrello.it\/ciapirrello\/wp-json\/wp\/v2\/media?parent=3"}],"curies":[{"name":"wp","href":"https:\/\/api.w.org\/{rel}","templated":true}]}}